{"id":111,"date":"2025-08-21T13:40:13","date_gmt":"2025-08-21T13:40:13","guid":{"rendered":"https:\/\/cphrepair.dk\/?page_id=111"},"modified":"2025-08-21T13:44:28","modified_gmt":"2025-08-21T13:44:28","slug":"forside","status":"publish","type":"page","link":"https:\/\/cphrepair.dk\/","title":{"rendered":"forside"},"content":{"rendered":"\t\t<div data-elementor-type=\"wp-page\" data-elementor-id=\"111\" class=\"elementor elementor-111\" data-elementor-post-type=\"page\">\n\t\t\t\t<div class=\"elementor-element elementor-element-558265dc e-flex e-con-boxed e-con e-parent\" data-id=\"558265dc\" data-element_type=\"container\" data-settings=\"{&quot;background_background&quot;:&quot;classic&quot;}\">\n\t\t\t\t\t<div class=\"e-con-inner\">\n\t\t\t\t<div class=\"elementor-element elementor-element-79536328 elementor-widget-tablet__width-initial elementor-widget__width-initial elementor-widget elementor-widget-icon-box\" data-id=\"79536328\" data-element_type=\"widget\" data-widget_type=\"icon-box.default\">\n\t\t\t\t\t\t\t<div class=\"elementor-icon-box-wrapper\">\n\n\t\t\t\n\t\t\t\t\t\t<div class=\"elementor-icon-box-content\">\n\n\t\t\t\t\n\t\t\t\t\t\t\t\t\t<p class=\"elementor-icon-box-description\">\n\t\t\t\t\t\t\n\t\t\t\t\t<\/p>\n\t\t\t\t\n\t\t\t<\/div>\n\t\t\t\n\t\t<\/div>\n\t\t\t\t\t\t<\/div>\n\t\t\t\t<div class=\"elementor-element elementor-element-36528e36 elementor-widget-tablet__width-initial elementor-widget__width-initial elementor-widget elementor-widget-icon-box\" data-id=\"36528e36\" data-element_type=\"widget\" data-widget_type=\"icon-box.default\">\n\t\t\t\t\t\t\t<div class=\"elementor-icon-box-wrapper\">\n\n\t\t\t\n\t\t\t\t\t\t<div class=\"elementor-icon-box-content\">\n\n\t\t\t\t\t\t\t\t\t<h4 class=\"elementor-icon-box-title\">\n\t\t\t\t\t\t<span  >\n\t\t\t\t\t\t\tEmail\t\t\t\t\t\t<\/span>\n\t\t\t\t\t<\/h4>\n\t\t\t\t\n\t\t\t\t\t\t\t\t\t<p class=\"elementor-icon-box-description\">\n\t\t\t\t\t\tKontakt@cphrepair.dk \t\t\t\t\t<\/p>\n\t\t\t\t\n\t\t\t<\/div>\n\t\t\t\n\t\t<\/div>\n\t\t\t\t\t\t<\/div>\n\t\t\t\t\t<\/div>\n\t\t\t\t<\/div>\n\t\t<div class=\"elementor-element elementor-element-489dbdce e-flex e-con-boxed e-con e-parent\" data-id=\"489dbdce\" data-element_type=\"container\">\n\t\t\t\t\t<div class=\"e-con-inner\">\n\t\t\t\t<div class=\"elementor-element elementor-element-55ed4665 elementor-widget elementor-widget-theme-site-logo elementor-widget-image\" data-id=\"55ed4665\" data-element_type=\"widget\" data-widget_type=\"theme-site-logo.default\">\n\t\t\t\t\t\t\t\t\t\t\t<a href=\"https:\/\/cphrepair.dk\">\n\t\t\t<img decoding=\"async\" src=\"https:\/\/cphrepair.dk\/wp-content\/plugins\/elementor-pro\/assets\/images\/logo-placeholder.png\" title=\"\" alt=\"\" loading=\"lazy\" \/>\t\t\t\t<\/a>\n\t\t\t\t\t\t\t\t\t\t\t<\/div>\n\t\t\t\t\t<\/div>\n\t\t\t\t<\/div>\n\t\t<div class=\"elementor-element elementor-element-74730ef1 e-flex e-con-boxed elementor-invisible e-con e-parent\" data-id=\"74730ef1\" data-element_type=\"container\" data-settings=\"{&quot;animation&quot;:&quot;fadeInUp&quot;}\">\n\t\t\t\t\t<div class=\"e-con-inner\">\n\t\t<div class=\"elementor-element elementor-element-1f601e5b e-con-full e-flex e-con e-child\" data-id=\"1f601e5b\" data-element_type=\"container\" data-settings=\"{&quot;background_background&quot;:&quot;classic&quot;}\">\n\t\t\t\t<div class=\"elementor-element elementor-element-5bf6021a animated-slow elementor-invisible elementor-widget elementor-widget-heading\" data-id=\"5bf6021a\" data-element_type=\"widget\" data-settings=\"{&quot;_animation&quot;:&quot;fadeIn&quot;}\" data-widget_type=\"heading.default\">\n\t\t\t\t\t<h3 class=\"elementor-heading-title elementor-size-default\">bolignetv\u00e6rk<\/h3>\t\t\t\t<\/div>\n\t\t\t\t<div class=\"elementor-element elementor-element-e750a67 elementor-invisible elementor-widget elementor-widget-text-editor\" data-id=\"e750a67\" data-element_type=\"widget\" data-settings=\"{&quot;_animation&quot;:&quot;fadeIn&quot;,&quot;_animation_delay&quot;:200}\" data-widget_type=\"text-editor.default\">\n\t\t\t\t\t\t\t\t\t<p>Projektering af bolignetv\u00e6rk, har du brug for en sparringspartner der kan kl\u00e6de foreningen ordentlig p\u00e5 til at tage det rigtige valg ?\u00a0<\/p>\t\t\t\t\t\t\t\t<\/div>\n\t\t\t\t<\/div>\n\t\t<div class=\"elementor-element elementor-element-2f449a72 e-con-full e-flex e-con e-child\" data-id=\"2f449a72\" data-element_type=\"container\" data-settings=\"{&quot;background_background&quot;:&quot;classic&quot;}\">\n\t\t\t\t<div class=\"elementor-element elementor-element-57d1db36 animated-slow elementor-widget__width-initial elementor-invisible elementor-widget elementor-widget-heading\" data-id=\"57d1db36\" data-element_type=\"widget\" data-settings=\"{&quot;_animation&quot;:&quot;fadeIn&quot;}\" data-widget_type=\"heading.default\">\n\t\t\t\t\t<h3 class=\"elementor-heading-title elementor-size-default\">Fiber &amp; datanetv\u00e6rk<\/h3>\t\t\t\t<\/div>\n\t\t\t\t<div class=\"elementor-element elementor-element-31215f20 elementor-invisible elementor-widget elementor-widget-text-editor\" data-id=\"31215f20\" data-element_type=\"widget\" data-settings=\"{&quot;_animation&quot;:&quot;fadeIn&quot;,&quot;_animation_delay&quot;:200}\" data-widget_type=\"text-editor.default\">\n\t\t\t\t\t\t\t\t\t<p>Opbygning af fibernetv\u00e6rk, coax samt PDS netv\u00e6rk.\u00a0<\/p>\t\t\t\t\t\t\t\t<\/div>\n\t\t\t\t<\/div>\n\t\t<div class=\"elementor-element elementor-element-15efc941 e-con-full e-flex e-con e-child\" data-id=\"15efc941\" data-element_type=\"container\" data-settings=\"{&quot;background_background&quot;:&quot;classic&quot;}\">\n\t\t\t\t<div class=\"elementor-element elementor-element-1988605f animated-slow elementor-invisible elementor-widget elementor-widget-heading\" data-id=\"1988605f\" data-element_type=\"widget\" data-settings=\"{&quot;_animation&quot;:&quot;fadeIn&quot;}\" data-widget_type=\"heading.default\">\n\t\t\t\t\t<h3 class=\"elementor-heading-title elementor-size-default\">Videooverv\u00e5gning<\/h3>\t\t\t\t<\/div>\n\t\t\t\t<div class=\"elementor-element elementor-element-3a1ef292 elementor-invisible elementor-widget elementor-widget-text-editor\" data-id=\"3a1ef292\" data-element_type=\"widget\" data-settings=\"{&quot;_animation&quot;:&quot;fadeIn&quot;,&quot;_animation_delay&quot;:200}\" data-widget_type=\"text-editor.default\">\n\t\t\t\t\t\t\t\t\t<p>Vi kan hj\u00e6lpe med at d\u00e6kke dit behov for overv\u00e5gning<\/p>\t\t\t\t\t\t\t\t<\/div>\n\t\t\t\t<\/div>\n\t\t<div class=\"elementor-element elementor-element-22b77594 e-con-full e-flex e-con e-child\" data-id=\"22b77594\" data-element_type=\"container\" data-settings=\"{&quot;background_background&quot;:&quot;classic&quot;}\">\n\t\t\t\t<div class=\"elementor-element elementor-element-a3bc0ca animated-slow elementor-invisible elementor-widget elementor-widget-heading\" data-id=\"a3bc0ca\" data-element_type=\"widget\" data-settings=\"{&quot;_animation&quot;:&quot;fadeIn&quot;}\" data-widget_type=\"heading.default\">\n\t\t\t\t\t<h3 class=\"elementor-heading-title elementor-size-default\">Adgangskontrol<\/h3>\t\t\t\t<\/div>\n\t\t\t\t<div class=\"elementor-element elementor-element-1729a4be elementor-invisible elementor-widget elementor-widget-text-editor\" data-id=\"1729a4be\" data-element_type=\"widget\" data-settings=\"{&quot;_animation&quot;:&quot;fadeIn&quot;,&quot;_animation_delay&quot;:200}\" data-widget_type=\"text-editor.default\">\n\t\t\t\t\t\t\t\t\t<p>Adgangskontrol til alle typer d\u00f8re, skralderum, vaskerier o.lign<\/p>\t\t\t\t\t\t\t\t<\/div>\n\t\t\t\t<\/div>\n\t\t<div class=\"elementor-element elementor-element-520ba7eb e-con-full e-flex e-con e-child\" data-id=\"520ba7eb\" data-element_type=\"container\" data-settings=\"{&quot;background_background&quot;:&quot;classic&quot;}\">\n\t\t\t\t<div class=\"elementor-element elementor-element-6040cd64 animated-slow elementor-invisible elementor-widget elementor-widget-heading\" data-id=\"6040cd64\" data-element_type=\"widget\" data-settings=\"{&quot;_animation&quot;:&quot;fadeIn&quot;}\" data-widget_type=\"heading.default\">\n\t\t\t\t\t<h3 class=\"elementor-heading-title elementor-size-default\">Smart belysning <\/h3>\t\t\t\t<\/div>\n\t\t\t\t<div class=\"elementor-element elementor-element-555e5698 elementor-invisible elementor-widget elementor-widget-text-editor\" data-id=\"555e5698\" data-element_type=\"widget\" data-settings=\"{&quot;_animation&quot;:&quot;fadeIn&quot;,&quot;_animation_delay&quot;:200}\" data-widget_type=\"text-editor.default\">\n\t\t\t\t\t\t\t\t\t<p>Har du brug for hj\u00e6lp til styring af butikslys, hjemmet eller andet s\u00e5 kan vi hj\u00e6lpe med smart styring.\u00a0<\/p>\t\t\t\t\t\t\t\t<\/div>\n\t\t\t\t<\/div>\n\t\t<div class=\"elementor-element elementor-element-1bd61547 e-con-full e-flex e-con e-child\" data-id=\"1bd61547\" data-element_type=\"container\" data-settings=\"{&quot;background_background&quot;:&quot;classic&quot;}\">\n\t\t\t\t<div class=\"elementor-element elementor-element-39c6ac69 animated-slow elementor-invisible elementor-widget elementor-widget-heading\" data-id=\"39c6ac69\" data-element_type=\"widget\" data-settings=\"{&quot;_animation&quot;:&quot;fadeIn&quot;}\" data-widget_type=\"heading.default\">\n\t\t\t\t\t<h3 class=\"elementor-heading-title elementor-size-default\">Wifi l\u00f8sninger<\/h3>\t\t\t\t<\/div>\n\t\t\t\t<div class=\"elementor-element elementor-element-663f695e elementor-invisible elementor-widget elementor-widget-text-editor\" data-id=\"663f695e\" data-element_type=\"widget\" data-settings=\"{&quot;_animation&quot;:&quot;fadeIn&quot;,&quot;_animation_delay&quot;:200}\" data-widget_type=\"text-editor.default\">\n\t\t\t\t\t\t\t\t\t<p>kunde wifi, landingsportaler til reklamer, eller blot wifi d\u00e6kning til hjemmet, s\u00e5 hj\u00e6lper vi dig!<\/p>\t\t\t\t\t\t\t\t<\/div>\n\t\t\t\t<\/div>\n\t\t\t\t\t<\/div>\n\t\t\t\t<\/div>\n\t\t<div class=\"elementor-element elementor-element-62963c1c e-flex e-con-boxed e-con e-parent\" data-id=\"62963c1c\" data-element_type=\"container\" data-settings=\"{&quot;background_background&quot;:&quot;classic&quot;}\">\n\t\t\t\t\t<div class=\"e-con-inner\">\n\t\t<div class=\"elementor-element elementor-element-548cd77 e-con-full e-flex e-con e-child\" data-id=\"548cd77\" data-element_type=\"container\">\n\t\t\t\t<div class=\"elementor-element elementor-element-524ebf7f elementor-widget-tablet__width-initial elementor-widget__width-initial elementor-widget elementor-widget-icon-box\" data-id=\"524ebf7f\" data-element_type=\"widget\" data-widget_type=\"icon-box.default\">\n\t\t\t\t\t\t\t<div class=\"elementor-icon-box-wrapper\">\n\n\t\t\t\n\t\t\t\t\t\t<div class=\"elementor-icon-box-content\">\n\n\t\t\t\t\n\t\t\t\t\t\t\t\t\t<p class=\"elementor-icon-box-description\">\n\t\t\t\t\t\t\n\t\t\t\t\t<\/p>\n\t\t\t\t\n\t\t\t<\/div>\n\t\t\t\n\t\t<\/div>\n\t\t\t\t\t\t<\/div>\n\t\t\t\t<\/div>\n\t\t\t\t\t<\/div>\n\t\t\t\t<\/div>\n\t\t<div class=\"elementor-element elementor-element-951f0e1 e-flex e-con-boxed e-con e-parent\" data-id=\"951f0e1\" data-element_type=\"container\">\n\t\t\t\t\t<div class=\"e-con-inner\">\n\t\t\t\t<div class=\"elementor-element elementor-element-27be4601 elementor-widget elementor-widget-heading\" data-id=\"27be4601\" data-element_type=\"widget\" data-widget_type=\"heading.default\">\n\t\t\t\t\t<p class=\"elementor-heading-title elementor-size-default\"><a href=\"http:\/\/cphrepair.dk\">\u00a9 2026 Alle rettigheder forbeholdes<\/a><\/p>\t\t\t\t<\/div>\n\t\t\t\t\t<\/div>\n\t\t\t\t<\/div>\n\t\t\t\t<\/div>\n\t\t","protected":false},"excerpt":{"rendered":"<p>Email Kontakt@cphrepair.dk bolignetv\u00e6rk Projektering af bolignetv\u00e6rk, har du brug for en sparringspartner der kan kl\u00e6de foreningen ordentlig p\u00e5 til at tage det rigtige valg ?\u00a0 Fiber &amp; datanetv\u00e6rk Opbygning af fibernetv\u00e6rk, coax samt PDS netv\u00e6rk.\u00a0 Videooverv\u00e5gning Vi kan hj\u00e6lpe med at d\u00e6kke dit behov for overv\u00e5gning Adgangskontrol Adgangskontrol til alle typer d\u00f8re, skralderum, vaskerier o.lign [&hellip;]<\/p>\n","protected":false},"author":1,"featured_media":0,"parent":0,"menu_order":0,"comment_status":"closed","ping_status":"closed","template":"","meta":{"footnotes":""},"class_list":["post-111","page","type-page","status-publish","hentry"],"_links":{"self":[{"href":"https:\/\/cphrepair.dk\/index.php?rest_route=\/wp\/v2\/pages\/111","targetHints":{"allow":["GET"]}}],"collection":[{"href":"https:\/\/cphrepair.dk\/index.php?rest_route=\/wp\/v2\/pages"}],"about":[{"href":"https:\/\/cphrepair.dk\/index.php?rest_route=\/wp\/v2\/types\/page"}],"author":[{"embeddable":true,"href":"https:\/\/cphrepair.dk\/index.php?rest_route=\/wp\/v2\/users\/1"}],"replies":[{"embeddable":true,"href":"https:\/\/cphrepair.dk\/index.php?rest_route=%2Fwp%2Fv2%2Fcomments&post=111"}],"version-history":[{"count":4,"href":"https:\/\/cphrepair.dk\/index.php?rest_route=\/wp\/v2\/pages\/111\/revisions"}],"predecessor-version":[{"id":119,"href":"https:\/\/cphrepair.dk\/index.php?rest_route=\/wp\/v2\/pages\/111\/revisions\/119"}],"wp:attachment":[{"href":"https:\/\/cphrepair.dk\/index.php?rest_route=%2Fwp%2Fv2%2Fmedia&parent=111"}],"curies":[{"name":"wp","href":"https:\/\/api.w.org\/{rel}","templated":true}]}}